{"id":94,"date":"2023-09-19T22:52:40","date_gmt":"2023-09-19T20:52:40","guid":{"rendered":"https:\/\/bodysushi-events.com\/?page_id=94"},"modified":"2023-10-03T11:40:13","modified_gmt":"2023-10-03T09:40:13","slug":"devenir-modele","status":"publish","type":"page","link":"https:\/\/bodysushi-events.com\/index.php\/devenir-modele\/","title":{"rendered":"Devenir mod\u00e8le"},"content":{"rendered":"\n<figure class=\"wp-block-image size-full\"><img loading=\"lazy\" decoding=\"async\" width=\"848\" height=\"566\" src=\"https:\/\/bodysushi-events.com\/wp-content\/uploads\/2023\/09\/body-sushi-nyotaimori-stimuli-insolite-3-1.jpg\" alt=\"\" class=\"wp-image-22\" srcset=\"https:\/\/bodysushi-events.com\/wp-content\/uploads\/2023\/09\/body-sushi-nyotaimori-stimuli-insolite-3-1.jpg 848w, https:\/\/bodysushi-events.com\/wp-content\/uploads\/2023\/09\/body-sushi-nyotaimori-stimuli-insolite-3-1-300x200.jpg 300w, https:\/\/bodysushi-events.com\/wp-content\/uploads\/2023\/09\/body-sushi-nyotaimori-stimuli-insolite-3-1-768x513.jpg 768w\" sizes=\"auto, (max-width: 848px) 100vw, 848px\" \/><\/figure>\n\n\n\n<p>Veuillez remplir le formulaire ci-dessous pour d\u00e9poser votre candidature pour devenir mod\u00e8le Bodysushi Events. <\/p>\n\n\n\n<p>Tous les champs du formulaire sont obligatoires.<\/p>\n\n\n\n<div class=\"wpcf7 no-js\" id=\"wpcf7-f93-o1\" lang=\"fr-FR\" dir=\"ltr\">\n<div class=\"screen-reader-response\"><p role=\"status\" aria-live=\"polite\" aria-atomic=\"true\"><\/p> <ul><\/ul><\/div>\n<form action=\"\/index.php\/wp-json\/wp\/v2\/pages\/94#wpcf7-f93-o1\" method=\"post\" class=\"wpcf7-form init\" aria-label=\"Formulaire de contact\" enctype=\"multipart\/form-data\" novalidate=\"novalidate\" data-status=\"init\">\n<div style=\"display: none;\">\n<input type=\"hidden\" name=\"_wpcf7\" value=\"93\" \/>\n<input type=\"hidden\" name=\"_wpcf7_version\" value=\"5.9.8\" \/>\n<input type=\"hidden\" name=\"_wpcf7_locale\" value=\"fr_FR\" \/>\n<input type=\"hidden\" name=\"_wpcf7_unit_tag\" value=\"wpcf7-f93-o1\" \/>\n<input type=\"hidden\" name=\"_wpcf7_container_post\" value=\"0\" \/>\n<input type=\"hidden\" name=\"_wpcf7_posted_data_hash\" value=\"\" \/>\n<input type=\"hidden\" name=\"_wpcf7_recaptcha_response\" value=\"\" \/>\n<\/div>\n<p>Nom<br \/>\n<span class=\"wpcf7-form-control-wrap\" data-name=\"lastname\"><input size=\"40\" maxlength=\"400\" class=\"wpcf7-form-control wpcf7-text wpcf7-validates-as-required\" autocomplete=\"name\" aria-required=\"true\" aria-invalid=\"false\" value=\"\" type=\"text\" name=\"lastname\" \/><\/span>\n<\/p>\n<p>Pr\u00e9nom<br \/>\n<span class=\"wpcf7-form-control-wrap\" data-name=\"firstname\"><input size=\"40\" maxlength=\"400\" class=\"wpcf7-form-control wpcf7-text wpcf7-validates-as-required\" autocomplete=\"name\" aria-required=\"true\" aria-invalid=\"false\" value=\"\" type=\"text\" name=\"firstname\" \/><\/span>\n<\/p>\n<p>Ville<br \/>\n<span class=\"wpcf7-form-control-wrap\" data-name=\"ville\"><input size=\"40\" maxlength=\"400\" class=\"wpcf7-form-control wpcf7-text wpcf7-validates-as-required\" aria-required=\"true\" aria-invalid=\"false\" value=\"\" type=\"text\" name=\"ville\" \/><\/span>\n<\/p>\n<p>Email<br \/>\n<span class=\"wpcf7-form-control-wrap\" data-name=\"your-email\"><input size=\"40\" maxlength=\"400\" class=\"wpcf7-form-control wpcf7-email wpcf7-validates-as-required wpcf7-text wpcf7-validates-as-email\" autocomplete=\"email\" aria-required=\"true\" aria-invalid=\"false\" value=\"\" type=\"email\" name=\"your-email\" \/><\/span>\n<\/p>\n<p>T\u00e9l\u00e9phone<br \/>\n<span class=\"wpcf7-form-control-wrap\" data-name=\"phone\"><input size=\"40\" maxlength=\"400\" class=\"wpcf7-form-control wpcf7-tel wpcf7-validates-as-required wpcf7-text wpcf7-validates-as-tel\" aria-required=\"true\" aria-invalid=\"false\" value=\"\" type=\"tel\" name=\"phone\" \/><\/span>\n<\/p>\n<p>Pour quelles prestations postulez-vous ? (plusieurs choix possibles)<br \/>\n<span class=\"wpcf7-form-control-wrap\" data-name=\"presta\"><span class=\"wpcf7-form-control wpcf7-checkbox wpcf7-validates-as-required\"><span class=\"wpcf7-list-item first\"><label><input type=\"checkbox\" name=\"presta[]\" value=\"Bodysushi\" \/><span class=\"wpcf7-list-item-label\">Bodysushi<\/span><\/label><\/span><span class=\"wpcf7-list-item last\"><label><input type=\"checkbox\" name=\"presta[]\" value=\"Wakamezake\" \/><span class=\"wpcf7-list-item-label\">Wakamezake<\/span><\/label><\/span><\/span><\/span>\n<\/p>\n<p>Joindre des photos<br \/>\n<span class=\"wpcf7-form-control-wrap\" data-name=\"ficmodele1\"><input size=\"40\" class=\"wpcf7-form-control wpcf7-file wpcf7-validates-as-required\" accept=\"audio\/*,video\/*,image\/*\" aria-required=\"true\" aria-invalid=\"false\" type=\"file\" name=\"ficmodele1\" \/><\/span><br \/>\n<span class=\"wpcf7-form-control-wrap\" data-name=\"ficmodele2\"><input size=\"40\" class=\"wpcf7-form-control wpcf7-file\" accept=\"audio\/*,video\/*,image\/*\" aria-invalid=\"false\" type=\"file\" name=\"ficmodele2\" \/><\/span><br \/>\n<span class=\"wpcf7-form-control-wrap\" data-name=\"ficmodele3\"><input size=\"40\" class=\"wpcf7-form-control wpcf7-file\" accept=\"audio\/*,video\/*,image\/*\" aria-invalid=\"false\" type=\"file\" name=\"ficmodele3\" \/><\/span>\n<\/p>\n<p>Avez-vous des tatouages ?<br \/>\n<span class=\"wpcf7-form-control-wrap\" data-name=\"tatoo\"><span class=\"wpcf7-form-control wpcf7-radio\"><span class=\"wpcf7-list-item first\"><label><input type=\"radio\" name=\"tatoo\" value=\"Non\" checked=\"checked\" \/><span class=\"wpcf7-list-item-label\">Non<\/span><\/label><\/span><span class=\"wpcf7-list-item last\"><label><input type=\"radio\" name=\"tatoo\" value=\"Oui\" \/><span class=\"wpcf7-list-item-label\">Oui<\/span><\/label><\/span><\/span><\/span>\n<\/p>\n<p>Facebook <span class=\"wpcf7-form-control-wrap\" data-name=\"fb\"><input size=\"40\" maxlength=\"400\" class=\"wpcf7-form-control wpcf7-url wpcf7-text wpcf7-validates-as-url\" aria-invalid=\"false\" value=\"\" type=\"url\" name=\"fb\" \/><\/span> Instagram <span class=\"wpcf7-form-control-wrap\" data-name=\"insta\"><input size=\"40\" maxlength=\"400\" class=\"wpcf7-form-control wpcf7-url wpcf7-text wpcf7-validates-as-url\" aria-invalid=\"false\" value=\"\" type=\"url\" name=\"insta\" \/><\/span> TikTok <span class=\"wpcf7-form-control-wrap\" data-name=\"tiktok\"><input size=\"40\" maxlength=\"400\" class=\"wpcf7-form-control wpcf7-url wpcf7-text wpcf7-validates-as-url\" aria-invalid=\"false\" value=\"\" type=\"url\" name=\"tiktok\" \/><\/span>\n<\/p>\n<p><label> Message<br \/>\n<span class=\"wpcf7-form-control-wrap\" data-name=\"your-message\"><textarea cols=\"40\" rows=\"10\" maxlength=\"2000\" class=\"wpcf7-form-control wpcf7-textarea wpcf7-validates-as-required\" aria-required=\"true\" aria-invalid=\"false\" placeholder=\"Veuillez y pr\u00e9ciser vos dates et cr\u00e9neaux de disponibilit\u00e9s.\" name=\"your-message\"><\/textarea><\/span> <\/label>\n<\/p>\n<p><input class=\"wpcf7-form-control wpcf7-submit has-spinner\" type=\"submit\" value=\"Envoyer\" \/>\n<\/p><div class=\"wpcf7-response-output\" aria-hidden=\"true\"><\/div>\n<\/form>\n<\/div>\n\n\n\n\n<div class=\"wp-block-columns is-layout-flex wp-container-core-columns-is-layout-9d6595d7 wp-block-columns-is-layout-flex\">\n<div class=\"wp-block-column is-layout-flow wp-block-column-is-layout-flow\"><\/div>\n<\/div>\n","protected":false},"excerpt":{"rendered":"<p>Veuillez remplir le formulaire ci-dessous pour d\u00e9poser votre candidature pour devenir mod\u00e8le Bodysushi Events. Tous les champs du formulaire sont obligatoires.<\/p>\n","protected":false},"author":1,"featured_media":0,"parent":0,"menu_order":0,"comment_status":"closed","ping_status":"closed","template":"","meta":{"_glsr_average":0,"_glsr_ranking":0,"_glsr_reviews":0,"footnotes":""},"class_list":["post-94","page","type-page","status-publish","hentry"],"_links":{"self":[{"href":"https:\/\/bodysushi-events.com\/index.php\/wp-json\/wp\/v2\/pages\/94","targetHints":{"allow":["GET"]}}],"collection":[{"href":"https:\/\/bodysushi-events.com\/index.php\/wp-json\/wp\/v2\/pages"}],"about":[{"href":"https:\/\/bodysushi-events.com\/index.php\/wp-json\/wp\/v2\/types\/page"}],"author":[{"embeddable":true,"href":"https:\/\/bodysushi-events.com\/index.php\/wp-json\/wp\/v2\/users\/1"}],"replies":[{"embeddable":true,"href":"https:\/\/bodysushi-events.com\/index.php\/wp-json\/wp\/v2\/comments?post=94"}],"version-history":[{"count":7,"href":"https:\/\/bodysushi-events.com\/index.php\/wp-json\/wp\/v2\/pages\/94\/revisions"}],"predecessor-version":[{"id":221,"href":"https:\/\/bodysushi-events.com\/index.php\/wp-json\/wp\/v2\/pages\/94\/revisions\/221"}],"wp:attachment":[{"href":"https:\/\/bodysushi-events.com\/index.php\/wp-json\/wp\/v2\/media?parent=94"}],"curies":[{"name":"wp","href":"https:\/\/api.w.org\/{rel}","templated":true}]}}