{"id":13,"date":"2023-09-10T02:46:54","date_gmt":"2023-09-10T00:46:54","guid":{"rendered":"https:\/\/bodysushi-events.com\/?page_id=13"},"modified":"2024-01-17T17:20:15","modified_gmt":"2024-01-17T16:20:15","slug":"bienvenue","status":"publish","type":"page","link":"https:\/\/bodysushi-events.com\/","title":{"rendered":"Bienvenue"},"content":{"rendered":"\n<p class=\"has-text-align-center\"><strong>R\u00c9SERVEZ UNE EXP\u00c9RIENCE DE SUSHIS PR\u00c9SENT\u00c9S AVEC ART SUR UN MOD\u00c8LE DANS LE LIEU DE VOTRE CHOIX<\/strong> <strong>\u00c0 LYON<\/strong><\/p>\n\n\n\n<div class=\"wp-block-columns is-layout-flex wp-container-core-columns-is-layout-9d6595d7 wp-block-columns-is-layout-flex\">\n<div class=\"wp-block-column is-layout-flow wp-block-column-is-layout-flow\">\n<figure class=\"wp-block-image size-full is-resized is-style-rounded\"><img loading=\"lazy\" decoding=\"async\" width=\"700\" height=\"413\" src=\"https:\/\/bodysushi-events.com\/wp-content\/uploads\/2023\/09\/Body-sushi1-700x413-1.jpg\" alt=\"traiteur \u00e9v\u00e9nementiel bodysushi lyon et sushi\" class=\"wp-image-21\" style=\"object-fit:cover;width:259px;height:175px\" srcset=\"https:\/\/bodysushi-events.com\/wp-content\/uploads\/2023\/09\/Body-sushi1-700x413-1.jpg 700w, https:\/\/bodysushi-events.com\/wp-content\/uploads\/2023\/09\/Body-sushi1-700x413-1-300x177.jpg 300w\" sizes=\"auto, (max-width: 700px) 100vw, 700px\" \/><\/figure>\n\n\n\n<h6 class=\"wp-block-heading has-text-align-center\">TRAITEUR EVENEMENTIEL<\/h6>\n<\/div>\n\n\n\n<div class=\"wp-block-column is-layout-flow wp-block-column-is-layout-flow\">\n<figure class=\"wp-block-image size-large is-resized is-style-rounded\"><img loading=\"lazy\" decoding=\"async\" width=\"1024\" height=\"683\" src=\"https:\/\/bodysushi-events.com\/wp-content\/uploads\/2023\/09\/cropped-body-sushi-nyotaimori-stimuli-insolite-3-1024x683.jpg\" alt=\"traiteur \u00e0 domicile bodysushi lyon et sushi\" class=\"wp-image-8\" style=\"object-fit:cover;width:259px;height:175px\" srcset=\"https:\/\/bodysushi-events.com\/wp-content\/uploads\/2023\/09\/cropped-body-sushi-nyotaimori-stimuli-insolite-3-1024x683.jpg 1024w, https:\/\/bodysushi-events.com\/wp-content\/uploads\/2023\/09\/cropped-body-sushi-nyotaimori-stimuli-insolite-3-300x200.jpg 300w, https:\/\/bodysushi-events.com\/wp-content\/uploads\/2023\/09\/cropped-body-sushi-nyotaimori-stimuli-insolite-3-768x512.jpg 768w, https:\/\/bodysushi-events.com\/wp-content\/uploads\/2023\/09\/cropped-body-sushi-nyotaimori-stimuli-insolite-3-1536x1025.jpg 1536w, https:\/\/bodysushi-events.com\/wp-content\/uploads\/2023\/09\/cropped-body-sushi-nyotaimori-stimuli-insolite-3.jpg 1920w\" sizes=\"auto, (max-width: 1024px) 100vw, 1024px\" \/><\/figure>\n\n\n\n<h6 class=\"wp-block-heading has-text-align-center\">TRAITEUR A DOMICILE<\/h6>\n<\/div>\n\n\n\n<div class=\"wp-block-column is-layout-flow wp-block-column-is-layout-flow\">\n<figure class=\"wp-block-image size-full is-resized is-style-rounded\"><img loading=\"lazy\" decoding=\"async\" width=\"750\" height=\"500\" src=\"https:\/\/bodysushi-events.com\/wp-content\/uploads\/2023\/09\/production_images_58678519-0cef-67e9-f438-2c229f673a33_Junggesellenabschied-Prag-BodySushi1-1.jpg\" alt=\"traiteur en lieux priv\u00e9s bodysushi lyon et sushi\" class=\"wp-image-23\" style=\"object-fit:cover;width:259px;height:175px\" srcset=\"https:\/\/bodysushi-events.com\/wp-content\/uploads\/2023\/09\/production_images_58678519-0cef-67e9-f438-2c229f673a33_Junggesellenabschied-Prag-BodySushi1-1.jpg 750w, https:\/\/bodysushi-events.com\/wp-content\/uploads\/2023\/09\/production_images_58678519-0cef-67e9-f438-2c229f673a33_Junggesellenabschied-Prag-BodySushi1-1-300x200.jpg 300w\" sizes=\"auto, (max-width: 750px) 100vw, 750px\" \/><\/figure>\n\n\n\n<h6 class=\"wp-block-heading has-text-align-center\">TRAITEUR EN LIEUX PRIVES<\/h6>\n<\/div>\n<\/div>\n\n\n\n<h2 class=\"wp-block-heading\">Nos formules<\/h2>\n\n\n\n<div class=\"wp-block-cover has-white-color has-text-color\"><span aria-hidden=\"true\" class=\"wp-block-cover__background has-background-dim\"><\/span><img loading=\"lazy\" decoding=\"async\" width=\"1024\" height=\"769\" class=\"wp-block-cover__image-background wp-image-97\" alt=\"\" src=\"https:\/\/bodysushi-events.com\/wp-content\/uploads\/2023\/09\/46b71a121c59afb440c5fec2def07888.jpg\" data-object-fit=\"cover\" srcset=\"https:\/\/bodysushi-events.com\/wp-content\/uploads\/2023\/09\/46b71a121c59afb440c5fec2def07888.jpg 1024w, https:\/\/bodysushi-events.com\/wp-content\/uploads\/2023\/09\/46b71a121c59afb440c5fec2def07888-300x225.jpg 300w, https:\/\/bodysushi-events.com\/wp-content\/uploads\/2023\/09\/46b71a121c59afb440c5fec2def07888-768x577.jpg 768w\" sizes=\"auto, (max-width: 1024px) 100vw, 1024px\" \/><div class=\"wp-block-cover__inner-container is-layout-constrained wp-block-cover-is-layout-constrained\">\n<div class=\"wp-block-columns is-layout-flex wp-container-core-columns-is-layout-9d6595d7 wp-block-columns-is-layout-flex\">\n<div class=\"wp-block-column is-layout-flow wp-block-column-is-layout-flow\">\n<h2 class=\"wp-block-heading has-text-align-center has-pale-pink-color has-text-color\">BODYSUSHI<\/h2>\n\n\n\n<div class=\"wp-block-columns is-layout-flex wp-container-core-columns-is-layout-9d6595d7 wp-block-columns-is-layout-flex\">\n<div class=\"wp-block-column is-layout-flow wp-block-column-is-layout-flow\" style=\"flex-basis:66.66%\">\n<ul class=\"wp-block-list\">\n<li>12 pi\u00e8ces par convive<\/li>\n\n\n\n<li>4 convives minimum<\/li>\n\n\n\n<li>Inclus le mod\u00e8le pour bodysushi<\/li>\n<\/ul>\n<\/div>\n\n\n\n<div class=\"wp-block-column is-vertically-aligned-center is-layout-flow wp-block-column-is-layout-flow\" style=\"flex-basis:33.33%\">\n<div class=\"wp-block-buttons is-layout-flex wp-block-buttons-is-layout-flex\">\n<div class=\"wp-block-button has-custom-font-size is-style-outline has-small-font-size is-style-outline--1\"><a class=\"wp-block-button__link wp-element-button\" href=\"https:\/\/bodysushi-events.com\/index.php\/reserver\/\" style=\"border-radius:20px\">R\u00e9server<\/a><\/div>\n<\/div>\n<\/div>\n<\/div>\n<\/div>\n\n\n\n<div class=\"wp-block-column is-layout-flow wp-block-column-is-layout-flow\">\n<h2 class=\"wp-block-heading has-text-align-center has-pale-pink-color has-text-color\">WAKAMEZAKE<\/h2>\n\n\n\n<div class=\"wp-block-columns is-layout-flex wp-container-core-columns-is-layout-9d6595d7 wp-block-columns-is-layout-flex\">\n<div class=\"wp-block-column is-layout-flow wp-block-column-is-layout-flow\" style=\"flex-basis:66.66%\">\n<ul class=\"wp-block-list\">\n<li>2 verres par convive<\/li>\n\n\n\n<li>4 convives minimum<\/li>\n\n\n\n<li>Inclus le mod\u00e8le pour wakamezake<\/li>\n<\/ul>\n<\/div>\n\n\n\n<div class=\"wp-block-column is-vertically-aligned-center is-layout-flow wp-block-column-is-layout-flow\" style=\"flex-basis:33.33%\">\n<div class=\"wp-block-buttons is-layout-flex wp-block-buttons-is-layout-flex\">\n<div class=\"wp-block-button has-custom-font-size is-style-outline has-small-font-size is-style-outline--2\"><a class=\"wp-block-button__link wp-element-button\" href=\"https:\/\/bodysushi-events.com\/index.php\/reserver\/\">R\u00e9server<\/a><\/div>\n<\/div>\n<\/div>\n<\/div>\n<\/div>\n<\/div>\n\n\n\n<div class=\"wp-block-columns is-layout-flex wp-container-core-columns-is-layout-9d6595d7 wp-block-columns-is-layout-flex\">\n<div class=\"wp-block-column is-layout-flow wp-block-column-is-layout-flow\">\n<h2 class=\"wp-block-heading has-text-align-center has-pale-pink-color has-text-color\">BODYSUSHI + WAKAMEZAKE<\/h2>\n\n\n\n<div class=\"wp-block-columns is-layout-flex wp-container-core-columns-is-layout-9d6595d7 wp-block-columns-is-layout-flex\">\n<div class=\"wp-block-column is-layout-flow wp-block-column-is-layout-flow\" style=\"flex-basis:66.66%\">\n<ul class=\"wp-block-list\">\n<li>12 pi\u00e8ces par convive<\/li>\n\n\n\n<li>2 verres par convive<\/li>\n\n\n\n<li>Inclus le mod\u00e8le pour bodysushi et wakamezake<\/li>\n<\/ul>\n<\/div>\n\n\n\n<div class=\"wp-block-column is-vertically-aligned-center is-layout-flow wp-block-column-is-layout-flow\" style=\"flex-basis:33.33%\">\n<div class=\"wp-block-buttons is-layout-flex wp-block-buttons-is-layout-flex\">\n<div class=\"wp-block-button has-custom-font-size is-style-outline has-small-font-size is-style-outline--3\"><a class=\"wp-block-button__link wp-element-button\" href=\"https:\/\/bodysushi-events.com\/index.php\/reserver\/\">R\u00e9server<\/a><\/div>\n<\/div>\n<\/div>\n<\/div>\n<\/div>\n\n\n\n<div class=\"wp-block-column is-layout-flow wp-block-column-is-layout-flow\">\n<h2 class=\"wp-block-heading has-text-align-center has-pale-pink-color has-text-color\">VIP<\/h2>\n\n\n\n<div class=\"wp-block-columns is-layout-flex wp-container-core-columns-is-layout-9d6595d7 wp-block-columns-is-layout-flex\">\n<div class=\"wp-block-column is-layout-flow wp-block-column-is-layout-flow\" style=\"flex-basis:66.66%\">\n<ul class=\"wp-block-list\">\n<li>Choix des quantit\u00e9s totales<\/li>\n\n\n\n<li>Inclus le(s) mod\u00e8le(s) pour bodysushi et wakamezake<\/li>\n\n\n\n<li>Choix du\/des mod\u00e8le(s) selon disponibilit\u00e9<\/li>\n<\/ul>\n<\/div>\n\n\n\n<div class=\"wp-block-column is-vertically-aligned-center is-layout-flow wp-block-column-is-layout-flow\" style=\"flex-basis:33.33%\">\n<div class=\"wp-block-buttons is-layout-flex wp-block-buttons-is-layout-flex\">\n<div class=\"wp-block-button has-custom-font-size is-style-outline has-small-font-size is-style-outline--4\"><a class=\"wp-block-button__link wp-element-button\" href=\"https:\/\/bodysushi-events.com\/index.php\/modeles-vip\/\">R\u00e9server<\/a><\/div>\n<\/div>\n<\/div>\n<\/div>\n<\/div>\n<\/div>\n\n\n\n<div class=\"wp-block-columns is-layout-flex wp-container-core-columns-is-layout-9d6595d7 wp-block-columns-is-layout-flex\">\n<div class=\"wp-block-column is-layout-flow wp-block-column-is-layout-flow\">\n<h2 class=\"wp-block-heading has-text-align-center has-pale-pink-color has-text-color\">NOS TARIFS<\/h2>\n\n\n\n<ul class=\"wp-block-list\">\n<li>Tarifs \u00e0 la demande selon la formule choisie et le nombre de convives souhait\u00e9s<\/li>\n\n\n\n<li>Tarifs communiqu\u00e9s lors du premier contact<\/li>\n<\/ul>\n<\/div>\n\n\n\n<div class=\"wp-block-column is-layout-flow wp-block-column-is-layout-flow\">\n<h2 class=\"wp-block-heading has-text-align-center has-pale-pink-color has-text-color\">OFFRE DE RENTREE<\/h2>\n\n\n\n<ul class=\"wp-block-list\">\n<li>-20% sur les tarifs.<\/li>\n\n\n\n<li>R\u00e9servez votre exp\u00e9rience bodysushi sans plus attendre.<\/li>\n<\/ul>\n<\/div>\n<\/div>\n\n\n\n<p class=\"has-text-align-center\" style=\"font-size:10px\"><em>Photos non contractuelles.<\/em><\/p>\n<\/div><\/div>\n","protected":false},"excerpt":{"rendered":"<p>R\u00c9SERVEZ UNE EXP\u00c9RIENCE DE SUSHIS PR\u00c9SENT\u00c9S AVEC ART SUR UN MOD\u00c8LE DANS LE LIEU DE VOTRE CHOIX \u00c0 LYON TRAITEUR EVENEMENTIEL TRAITEUR A DOMICILE TRAITEUR EN LIEUX PRIVES Nos formules<\/p>\n","protected":false},"author":1,"featured_media":0,"parent":0,"menu_order":0,"comment_status":"closed","ping_status":"closed","template":"","meta":{"_glsr_average":0,"_glsr_ranking":0,"_glsr_reviews":0,"footnotes":""},"class_list":["post-13","page","type-page","status-publish","hentry"],"_links":{"self":[{"href":"https:\/\/bodysushi-events.com\/index.php\/wp-json\/wp\/v2\/pages\/13","targetHints":{"allow":["GET"]}}],"collection":[{"href":"https:\/\/bodysushi-events.com\/index.php\/wp-json\/wp\/v2\/pages"}],"about":[{"href":"https:\/\/bodysushi-events.com\/index.php\/wp-json\/wp\/v2\/types\/page"}],"author":[{"embeddable":true,"href":"https:\/\/bodysushi-events.com\/index.php\/wp-json\/wp\/v2\/users\/1"}],"replies":[{"embeddable":true,"href":"https:\/\/bodysushi-events.com\/index.php\/wp-json\/wp\/v2\/comments?post=13"}],"version-history":[{"count":49,"href":"https:\/\/bodysushi-events.com\/index.php\/wp-json\/wp\/v2\/pages\/13\/revisions"}],"predecessor-version":[{"id":242,"href":"https:\/\/bodysushi-events.com\/index.php\/wp-json\/wp\/v2\/pages\/13\/revisions\/242"}],"wp:attachment":[{"href":"https:\/\/bodysushi-events.com\/index.php\/wp-json\/wp\/v2\/media?parent=13"}],"curies":[{"name":"wp","href":"https:\/\/api.w.org\/{rel}","templated":true}]}}