{"id":11,"date":"2023-09-10T02:46:40","date_gmt":"2023-09-10T00:46:40","guid":{"rendered":"https:\/\/bodysushi-events.com\/?page_id=11"},"modified":"2024-01-16T17:09:08","modified_gmt":"2024-01-16T16:09:08","slug":"f-a-q","status":"publish","type":"page","link":"https:\/\/bodysushi-events.com\/index.php\/f-a-q\/","title":{"rendered":"F.A.Q"},"content":{"rendered":"\n<div class=\"wp-block-group\"><div class=\"wp-block-group__inner-container is-layout-constrained wp-block-group-is-layout-constrained\">\n<div class=\"wp-block-group\"><div class=\"wp-block-group__inner-container is-layout-constrained wp-block-group-is-layout-constrained\">\n<details class=\"wp-block-details has-black-color has-text-color is-layout-flow wp-block-details-is-layout-flow\"><summary>Quelle est l&#8217;origine du Nyotaimori ?<\/summary>\n<p>Nyotaimori, \u00e9galement connu sous le nom de &#8220;body sushi&#8221;, est une pratique traditionnelle japonaise consistant \u00e0 servir des sushis ou des sashimis sur le corps d&#8217;une femme nue. L&#8217;histoire de cette pratique est entour\u00e9e de myst\u00e8re et les origines du Nyotaimori sont incertaines. Certains affirment qu&#8217;il s&#8217;agissait \u00e0 l&#8217;origine d&#8217;un moyen de divertir les seigneurs f\u00e9odaux, tandis que d&#8217;autres pr\u00e9tendent qu&#8217;il s&#8217;agissait d&#8217;une forme de divertissement \u00e9rotique.<\/p>\n\n\n\n<p>Le terme &#8220;nyotaimori&#8221; vient des mots japonais &#8220;nyota&#8221;, qui signifie &#8220;femme&#8221;, et &#8220;taimori&#8221;, qui signifie &#8220;assiette&#8221;. La pratique du nyotaimori trouverait son origine dans la p\u00e9riode Edo au Japon (1603-1868). \u00c0 cette \u00e9poque, le Japon vivait une p\u00e9riode d&#8217;isolement et l&#8217;on pense que la pratique du Nyotaimori \u00e9tait tenue secr\u00e8te et r\u00e9serv\u00e9e \u00e0 l&#8217;\u00e9lite.<\/p>\n\n\n\n<p>Le Nyotaimori est consid\u00e9r\u00e9 comme une forme d&#8217;art au Japon, et l&#8217;on dit que le corps de la femme doit \u00eatre impeccable, lisse et sans poils. Dans le Nyotaimori traditionnel, le corps de la femme est utilis\u00e9 comme une assiette et les sushis ou sashimis sont plac\u00e9s sur son corps. La pratique du Nyotaimori est consid\u00e9r\u00e9e comme une forme d&#8217;art \u00e9rotique et le corps de la femme comme un objet de beaut\u00e9.<\/p>\n\n\n\n<p>Cependant, le Nyotaimori n&#8217;est pas sans susciter des controverses. De nombreuses personnes consid\u00e8rent qu&#8217;il s&#8217;agit d&#8217;une forme d&#8217;objectivation des femmes, et certaines affirment qu&#8217;il s&#8217;agit d&#8217;une forme d&#8217;exploitation sexuelle. Cette pratique a \u00e9t\u00e9 interdite dans certains pays, et elle est consid\u00e9r\u00e9e comme de mauvais go\u00fbt dans beaucoup d&#8217;autres.<\/p>\n\n\n\n<p>En conclusion, le Nyotaimori est une pratique traditionnelle japonaise entour\u00e9e de myst\u00e8re, mais elle est consid\u00e9r\u00e9e comme une forme d&#8217;art \u00e9rotique. Ses origines sont incertaines, mais on pense qu&#8217;il a vu le jour \u00e0 l&#8217;\u00e9poque d&#8217;Edo au Japon. Le nyotaimori est une pratique controvers\u00e9e, consid\u00e9r\u00e9e comme une forme d&#8217;objectivation des femmes et d&#8217;exploitation sexuelle. Il n&#8217;est donc pas recommand\u00e9 de le pratiquer ou de le promouvoir.<\/p>\n\n\n\n<div style=\"height:25px\" aria-hidden=\"true\" class=\"wp-block-spacer\"><\/div>\n<\/details>\n<\/div><\/div>\n<\/div><\/div>\n\n\n\n<div style=\"height:25px\" aria-hidden=\"true\" class=\"wp-block-spacer\"><\/div>\n\n\n\n<details class=\"wp-block-details is-layout-flow wp-block-details-is-layout-flow\"><summary>Qu&#8217;est-ce que le sushi Nyotaimori ?<\/summary>\n<p>Le nyotaimori, \u00e9galement connu sous le nom de &#8220;body sushi&#8221;, est une pratique traditionnelle japonaise consistant \u00e0 servir des sushis ou des sashimis sur le corps nu d&#8217;une femme.<\/p>\n\n\n\n<p>Le terme &#8220;nyotaimori&#8221; vient des mots japonais &#8220;nyota&#8221;, qui signifie &#8220;femme&#8221;, et &#8220;taimori&#8221;, qui signifie &#8220;assiette&#8221;.<\/p>\n\n\n\n<p>Le mot &#8220;nu&#8221; ou &#8220;corps&#8221; est Nyotaimori. La cr\u00e9ation du sushi est souvent attribu\u00e9e au dernier empereur du Japon. Il a pris plusieurs identit\u00e9s diff\u00e9rentes au cours de son existence. Il s&#8217;agit d&#8217;une technique unique au Japon qui consiste \u00e0 retirer les sushis d&#8217;une forme humaine pour les consommer.<\/p>\n\n\n\n<p>Lorsque l&#8217;institution fournit ce service, les clients du restaurant peuvent se laisser tenter par le d\u00e9licieux Nyotaimori, parfois appel\u00e9 &#8220;spectacle du corps f\u00e9minin&#8221;. La pudeur du mod\u00e8le est dict\u00e9e par l&#8217;endroit o\u00f9 la nourriture est (temporairement) plac\u00e9e sur son corps, \u00e0 l&#8217;exception de son entrejambe, qui est souvent recouvert d&#8217;une garniture. Cette mode, connue sous le nom de &#8220;body sushi&#8221; et tr\u00e8s populaire en Occident dans les ann\u00e9es 1990, a fait l&#8217;objet d&#8217;une importante couverture m\u00e9diatique. Le body sushi est la nouvelle mode qui attire l&#8217;attention des c\u00e9l\u00e9brit\u00e9s d&#8217;Hollywood.<\/p>\n\n\n\n<details class=\"wp-block-details is-layout-flow wp-block-details-is-layout-flow\"><summary>Pourquoi les gens appr\u00e9cient-ils Nyotaimori Sushi ?<\/summary>\n<p>La client\u00e8le va des enterrements de vie de gar\u00e7on aux grandes entreprises qui organisent des exercices de renforcement de l&#8217;esprit d&#8217;\u00e9quipe. Il n&#8217;est pas facile de contester la notion d&#8217;exotisme du body sushi. Il est consid\u00e9r\u00e9 comme innovant, artistique, sensuel et tr\u00e8s inhabituel par ceux qui sont attir\u00e9s par lui. Le prix Nyotaimori peut \u00eatre rencontr\u00e9 lors d&#8217;occasions telles que les grandes ouvertures de bo\u00eetes de nuit co\u00fbteuses qui s&#8217;appuient sur la publicit\u00e9 de bouche \u00e0 oreille et l&#8217;excitation d&#8217;\u00eatre la chose la plus nouvelle et la plus branch\u00e9e de la ville. Il y a une chose sur laquelle vous pouvez compter. C&#8217;est le caract\u00e8re distinctif.<\/p>\n<\/details>\n<\/details>\n\n\n\n<div style=\"height:25px\" aria-hidden=\"true\" class=\"wp-block-spacer\"><\/div>\n\n\n\n<details class=\"wp-block-details is-layout-flow wp-block-details-is-layout-flow\"><summary>Qu&#8217;est-ce que le Wakamezake ?<\/summary>\n<p>Wakamezake (\u308f\u304b\u3081\u9152), ou wakame sake ou seaweed sake. C&#8217;est un terme japonais qui d\u00e9signe une pratique&nbsp; consistant \u00e0 boire du sake \u00e0 partir du corps d&#8217;une femme. Cette derni\u00e8re r\u00e9unit ses cuisses \u00e9troitement pour cr\u00e9er une sorte de cavit\u00e9 triangulaire comprise entre son mont de V\u00e9nus en haut et ses deux cuisses en bas. Son partenaire verse alors du sake dans la cavit\u00e9 ainsi cr\u00e9\u00e9e et le boit.<\/p>\n<\/details>\n\n\n\n<div style=\"height:25px\" aria-hidden=\"true\" class=\"wp-block-spacer\"><\/div>\n\n\n\n<details class=\"wp-block-details is-layout-flow wp-block-details-is-layout-flow\"><summary>Est-ce une option d&#8217;alimentation saine ?<\/summary>\n<p>Dans la plupart des cas, les gens expriment de l&#8217;appr\u00e9hension lorsqu&#8217;ils entendent dire que les sushis sont pr\u00e9sent\u00e9s de cette mani\u00e8re. Pour garantir l&#8217;hygi\u00e8ne, avant d&#8217;\u00eatre pr\u00e9sent\u00e9 aux clients, le mod\u00e8le doit se laver avec un savon non parfum\u00e9 dans les moindres d\u00e9tails.<\/p>\n\n\n\n<div style=\"height:25px\" aria-hidden=\"true\" class=\"wp-block-spacer\"><\/div>\n<\/details>\n\n\n\n<div style=\"height:25px\" aria-hidden=\"true\" class=\"wp-block-spacer\"><\/div>\n\n\n\n<details class=\"wp-block-details is-layout-flow wp-block-details-is-layout-flow\"><summary>Quelles sont les \u00e9tapes de la pr\u00e9paration des sushis nus Nyotaimori ?<\/summary>\n<p>Dans la m\u00e9thode traditionnelle de Nyotaimori, le mod\u00e8le doit s&#8217;allonger sur la table de service sans bouger et n&#8217;a pas le droit de converser avec les convives, sauf si ces derniers prennent l&#8217;initiative de la conversation. En outre, le mod\u00e8le n&#8217;est pas autoris\u00e9 \u00e0 toucher les convives. Ensuite, les sushis sont plac\u00e9s de mani\u00e8re \u00e0 ce qu&#8217;ils ne glissent pas des parties plates du corps en les pla\u00e7ant sur des feuilles de palmier propres dispos\u00e9es \u00e0 cet endroit. Le corps de Nyotaimori, plusieurs personnes dans le monde entier prennent plaisir \u00e0 manger des sushis, qui sont souvent consid\u00e9r\u00e9s comme une m\u00e9thode esth\u00e9tique de pr\u00e9sentation des aliments.<\/p>\n\n\n\n<p>Le sak\u00e9 et le champagne sont deux boissons propos\u00e9es lors des repas bodysushi. Les visiteurs et les invit\u00e9s sont tenus de se comporter avec respect et de toujours respecter les r\u00e8gles. Il est strictement interdit aux clients de faire des gestes d\u00e9plac\u00e9s ou des d\u00e9clarations insultantes \u00e0 l&#8217;\u00e9gard des mannequins, et ils ne sont autoris\u00e9s \u00e0 prendre les sushis qu&#8217;\u00e0 l&#8217;aide de leurs baguettes.<\/p>\n<\/details>\n\n\n\n<div style=\"height:25px\" aria-hidden=\"true\" class=\"wp-block-spacer\"><\/div>\n","protected":false},"excerpt":{"rendered":"","protected":false},"author":1,"featured_media":0,"parent":0,"menu_order":0,"comment_status":"closed","ping_status":"closed","template":"","meta":{"_glsr_average":0,"_glsr_ranking":0,"_glsr_reviews":0,"footnotes":""},"class_list":["post-11","page","type-page","status-publish","hentry"],"_links":{"self":[{"href":"https:\/\/bodysushi-events.com\/index.php\/wp-json\/wp\/v2\/pages\/11","targetHints":{"allow":["GET"]}}],"collection":[{"href":"https:\/\/bodysushi-events.com\/index.php\/wp-json\/wp\/v2\/pages"}],"about":[{"href":"https:\/\/bodysushi-events.com\/index.php\/wp-json\/wp\/v2\/types\/page"}],"author":[{"embeddable":true,"href":"https:\/\/bodysushi-events.com\/index.php\/wp-json\/wp\/v2\/users\/1"}],"replies":[{"embeddable":true,"href":"https:\/\/bodysushi-events.com\/index.php\/wp-json\/wp\/v2\/comments?post=11"}],"version-history":[{"count":29,"href":"https:\/\/bodysushi-events.com\/index.php\/wp-json\/wp\/v2\/pages\/11\/revisions"}],"predecessor-version":[{"id":235,"href":"https:\/\/bodysushi-events.com\/index.php\/wp-json\/wp\/v2\/pages\/11\/revisions\/235"}],"wp:attachment":[{"href":"https:\/\/bodysushi-events.com\/index.php\/wp-json\/wp\/v2\/media?parent=11"}],"curies":[{"name":"wp","href":"https:\/\/api.w.org\/{rel}","templated":true}]}}